{"id":2013,"date":"2021-06-22T11:51:12","date_gmt":"2021-06-22T11:51:12","guid":{"rendered":"https:\/\/www.reguzziclaudiosa.ch\/accueil\/"},"modified":"2024-05-15T06:45:59","modified_gmt":"2024-05-15T06:45:59","slug":"accueil","status":"publish","type":"page","link":"https:\/\/www.reguzziclaudiosa.ch\/fr\/","title":{"rendered":"Accueil"},"content":{"rendered":"\t\t<div data-elementor-type=\"wp-page\" data-elementor-id=\"2013\" class=\"elementor elementor-2013 elementor-1098\" data-elementor-post-type=\"page\">\n\t\t\t\t\t\t<section class=\"elementor-section elementor-top-section elementor-element elementor-element-eaa4683 elementor-section-full_width elementor-section-height-default elementor-section-height-default\" data-id=\"eaa4683\" data-element_type=\"section\" data-e-type=\"section\">\n\t\t\t\t\t\t<div class=\"elementor-container elementor-column-gap-no\">\n\t\t\t\t\t<div class=\"elementor-column elementor-col-100 elementor-top-column elementor-element elementor-element-7772cfa\" data-id=\"7772cfa\" data-element_type=\"column\" data-e-type=\"column\">\n\t\t\t<div class=\"elementor-widget-wrap elementor-element-populated\">\n\t\t\t\t\t\t<div class=\"elementor-element elementor-element-fe60900 elementor-widget elementor-widget-minterio-main-section\" data-id=\"fe60900\" data-element_type=\"widget\" data-e-type=\"widget\" data-widget_type=\"minterio-main-section.default\">\n\t\t\t\t<div class=\"elementor-widget-container\">\n\t\t\t\t\t\n\t\t<section class=\"main-banner\" style=\"background-image: url(https:\/\/www.reguzziclaudiosa.ch\/wp-content\/uploads\/2023\/07\/white-background-scaled.jpg);\">\n\t\t\t<div class=\"container\">\n\t\t\t\t<div class=\"row align-items-center\">\n\t\t\t\t\t<div class=\"col-lg-6\">\n\t\t\t\t\t\t<div class=\"banner-content\">\n\t\t\t\t\t\t\t\t\t\t\t\t\t\t<h2 class=\"wow fadeInUp\" data-wow-duration=\"1000ms\">\n\t\t\t\t\t\t\t\t<span >\n\t\t\t\t\t\t\t\t\tInnover dans le confort de vie, pour un avenir toujours plus durable\t\t\t\t\t\t\t\t<\/span>\n\t\t\t\t\t\t\t<\/h2>\n\t\t\t\t\t\t\t\t\t\t\t\t\t\t\t\t\t\t\t\t\t<p class=\"wow fadeInUp\" data-wow-duration=\"1000ms\" data-wow-delay=\"300ms\">\n\t\t\t\t\t\t\t\t<span >\n\t\t\t\t\t\t\t\t\tL\u2019ameublement est l\u2019art de disposer les belles choses de mani\u00e8re confortable.\t\t\t\t\t\t\t\t<\/span>\n\t\t\t\t\t\t\t<\/p>\n\t\t\t\t\t\t\t\t\t\t\t\t\t\t\t\t\t\t\t\t\t<a href=\"\/fr\/contact\/\" class=\"lnk-default wow fadeInUp\" data-wow-duration=\"1000ms\" data-wow-delay=\"500ms\">\n\t\t\t\t\t\t\t\t<span >\n\t\t\t\t\t\t\t\t\tContactez-nous\t\t\t\t\t\t\t\t<\/span>\n\t\t\t\t\t\t\t\t<i class=\"la la-arrow-right\"><\/i>\n\t\t\t\t\t\t\t\t<span class=\"hover\"><\/span>\n\t\t\t\t\t\t\t<\/a>\n\t\t\t\t\t\t\t\t\t\t\t\t\t\t\n\t\t\t\t\t\t\t<div class=\"clearfix\"><\/div>\n\t\t\t\t\t\t<\/div><!--banner-content end-->\n\t\t\t\t\t<\/div>\n\t\t\t\t\t<div class=\"col-lg-6\">\n\t\t\t\t\t\t\t\t\t\t\t\t<div class=\"banner-slider\">\n\t\t\t\t\t\t\t\t\t\t\t\t\t\t<div class=\"banner-slide\">\n\t\t\t\t\t\t\t\t\t\t\t\t\t\t\t\t<img decoding=\"async\" src=\"https:\/\/www.reguzziclaudiosa.ch\/wp-content\/uploads\/2023\/07\/Reguzzi-Claudio-SA-slide-1-618x927.jpg\" alt=\"Image #1\" \/>\n\t\t\t\t\t\t\t\t\t\t\t\t\t\t\t<\/div><!--banner-slide end-->\n\t\t\t\t\t\t\t\t\t\t\t\t\t\t<div class=\"banner-slide\">\n\t\t\t\t\t\t\t\t\t\t\t\t\t\t\t\t<img decoding=\"async\" src=\"https:\/\/www.reguzziclaudiosa.ch\/wp-content\/uploads\/2023\/07\/Reguzzi-Claudio-SA-slide-2-618x927.jpg\" alt=\"Image #2\" \/>\n\t\t\t\t\t\t\t\t\t\t\t\t\t\t\t<\/div><!--banner-slide end-->\n\t\t\t\t\t\t\t\t\t\t\t\t\t\t<div class=\"banner-slide\">\n\t\t\t\t\t\t\t\t\t\t\t\t\t\t\t\t<img decoding=\"async\" src=\"https:\/\/www.reguzziclaudiosa.ch\/wp-content\/uploads\/2023\/07\/Reguzzi-Claudio-SA-slide-3-618x927.jpg\" alt=\"Image #3\" \/>\n\t\t\t\t\t\t\t\t\t\t\t\t\t\t\t<\/div><!--banner-slide end-->\n\t\t\t\t\t\t\t\t\t\t\t\t\t<\/div><!--banner-slider end-->\n\t\t\t\t\t\t\t\t\t\t\t<\/div>\n\t\t\t\t<\/div>\n\t\t\t<\/div>\n\t\t<\/section><!--main-banner end-->\n\n\t\t\t\t\t\t<\/div>\n\t\t\t\t<\/div>\n\t\t\t\t\t<\/div>\n\t\t<\/div>\n\t\t\t\t\t<\/div>\n\t\t<\/section>\n\t\t\t\t<section class=\"elementor-section elementor-top-section elementor-element elementor-element-4c7fad8 elementor-section-full_width elementor-section-height-default elementor-section-height-default\" data-id=\"4c7fad8\" data-element_type=\"section\" data-e-type=\"section\">\n\t\t\t\t\t\t<div class=\"elementor-container elementor-column-gap-no\">\n\t\t\t\t\t<div class=\"elementor-column elementor-col-100 elementor-top-column elementor-element elementor-element-c2d95ec\" data-id=\"c2d95ec\" data-element_type=\"column\" data-e-type=\"column\">\n\t\t\t<div class=\"elementor-widget-wrap elementor-element-populated\">\n\t\t\t\t\t\t<div class=\"elementor-element elementor-element-a1b7ea5 elementor-widget elementor-widget-minterio-about-us\" data-id=\"a1b7ea5\" data-element_type=\"widget\" data-e-type=\"widget\" data-widget_type=\"minterio-about-us.default\">\n\t\t\t\t<div class=\"elementor-widget-container\">\n\t\t\t\t\t\n\t\t<section class=\"block pb-0\">\n\t\t\t<div class=\"container\">\n\t\t\t\t<div class=\"about-us-section\">\n\t\t\t\t\t<div class=\"row align-items-center\">\n\t\t\t\t\t\t<div class=\"col-lg-6\">\n\t\t\t\t\t\t\t<div class=\"abt-imgz\">\n\t\t\t\t\t\t\t\t\t\t\t\t\t\t\t\t<img decoding=\"async\" class=\"wow fadeInUp\" data-wow-duration=\"1000ms\" src=\"https:\/\/www.reguzziclaudiosa.ch\/wp-content\/uploads\/2023\/07\/Claudio-Reguzzi-azienda-1-900x600.jpg\" alt=\"\" \/>\n\t\t\t\t\t\t\t\t\t\t\t\t\t\t\t\t\t\t\t\t\t\t\t\t<img decoding=\"async\" class=\"wow fadeInRight\" data-wow-duration=\"1000ms\" data-wow-delay=\"400ms\" src=\"https:\/\/www.reguzziclaudiosa.ch\/wp-content\/uploads\/2023\/07\/Claudio-Reguzzi-azienda-2-900x600.jpg\" alt=\"\" \/>\n\t\t\t\t\t\t\t\t\t\t\t\t\t\t\t<\/div><!--abt-imgz end-->\n\t\t\t\t\t\t\t\t\t\t\t\t\t<\/div>\n\t\t\t\t\t\t<div class=\"col-lg-6\">\n\t\t\t\t\t\t\t<div class=\"about-text\">\n\t\t\t\t\t\t\t\t\t\t\t\t\t\t\t\t<h2 class=\"sub-title\">\n\t\t\t\t\t\t\t\t\t<span >\n\t\t\t\t\t\t\t\t\t\tL'entreprise\t\t\t\t\t\t\t\t\t<\/span>\n\t\t\t\t\t\t\t\t<\/h2>\n\t\t\t\t\t\t\t\t\t\t\t\t\t\t\t\t\t\t\t\t\t\t\t\t<div class=\"description\">\n\t\t\t\t\t\t\t\t\t<div >\n\t\t\t\t\t\t\t\t\t\t<p>Aujourd'hui, Reguzzi Claudio SA compte plus de 40 collaborateurs form\u00e9s dans le secteur et accorde une importance particuli\u00e8re \u00e0 la formation professionnelle \u00e0 laquelle elle contribue en embauchant des apprentis dans le secteur de l'installation de syst\u00e8mes sanitaires et parmi eux ceux qui s'engagent \u00e0 poursuivre une formation continue en tant qu'installateurs de syst\u00e8mes de chauffage.<\/p>\t\t\t\t\t\t\t\t\t<\/div>\n\t\t\t\t\t\t\t\t<\/div>\n\t\t\t\t\t\t\t\t\t\t\t\t\t\t\t\t\t\t\t\t\t\t\t\t<a href=\"http:\/\/fr\/a-propos-de-nous\/\" class=\"lnk-default2\">\n\t\t\t\t\t\t\t\t\t<span >\n\t\t\t\t\t\t\t\t\t\tEn savoir plus\t\t\t\t\t\t\t\t\t<\/span>\n\t\t\t\t\t\t\t\t\t<i class=\"la la-arrow-right\"><\/i>\n\t\t\t\t\t\t\t\t<\/a>\n\t\t\t\t\t\t\t\t\t\t\t\t\t\t\t<\/div><!--about-text end-->\n\t\t\t\t\t\t<\/div>\n\t\t\t\t\t<\/div>\n\t\t\t\t<\/div><!--about-us-section end-->\n\t\t\t<\/div>\n\t\t<\/section>\n\n\t\t\t\t\t\t<\/div>\n\t\t\t\t<\/div>\n\t\t\t\t\t<\/div>\n\t\t<\/div>\n\t\t\t\t\t<\/div>\n\t\t<\/section>\n\t\t\t\t<section class=\"elementor-section elementor-top-section elementor-element elementor-element-60691a4 elementor-section-full_width elementor-section-height-default elementor-section-height-default\" data-id=\"60691a4\" data-element_type=\"section\" data-e-type=\"section\">\n\t\t\t\t\t\t<div class=\"elementor-container elementor-column-gap-no\">\n\t\t\t\t\t<div class=\"elementor-column elementor-col-100 elementor-top-column elementor-element elementor-element-a2ed2b9\" data-id=\"a2ed2b9\" data-element_type=\"column\" data-e-type=\"column\">\n\t\t\t<div class=\"elementor-widget-wrap elementor-element-populated\">\n\t\t\t\t\t\t<div class=\"elementor-element elementor-element-d7e4454 elementor-widget elementor-widget-minterio-process\" data-id=\"d7e4454\" data-element_type=\"widget\" data-e-type=\"widget\" data-widget_type=\"minterio-process.default\">\n\t\t\t\t<div class=\"elementor-widget-container\">\n\t\t\t\t\t\n\t\t<section class=\"block\">\n\t\t\t<div class=\"container\">\n\t\t\t\t\t\t\t\t<div class=\"section-title align-items-center\">\n\t\t\t\t\t\t\t\t\t\t<h3 class=\"sub-title\">\n\t\t\t\t\t\t<span >\n\t\t\t\t\t\t\tNous vous suivons dans toutes les phases du processus\t\t\t\t\t\t<\/span>\n\t\t\t\t\t<\/h3>\n\t\t\t\t\t\t\t\t\t\t\t\t\t\t\t<a href=\"http:\/\/fr\/nos-services\/\" class=\"lnk-default2\">\n\t\t\t\t\t\t<span >\n\t\t\t\t\t\t\tEn savoir plus\t\t\t\t\t\t<\/span>\n\t\t\t\t\t\t<i class=\"la la-arrow-right\"><\/i>\n\t\t\t\t\t<\/a>\n\t\t\t\t\t\t\t\t\t<\/div><!--section-title end-->\n\t\t\t\t\n\t\t\t\t<div class=\"process-section\">\n\t\t\t\t\t\t\t\t\t\t<ul>\n\t\t\t\t\t\t\t\t\t\t\t\t<li>\n\t\t\t\t\t\t\t<div class=\"proz-minterio\">\n\t\t\t\t\t\t\t\t\t\t\t\t\t\t\t\t<h3>\n\t\t\t\t\t\t\t\t\t<span >\n\t\t\t\t\t\t\t\t\t\tInspection sur place\t\t\t\t\t\t\t\t\t<\/span>\n\t\t\t\t\t\t\t\t<\/h3>\n\t\t\t\t\t\t\t\t\t\t\t\t\t\t\t\t\t\t\t\t\t\t\t\t<p>\n\t\t\t\t\t\t\t\t\t<span >\n\t\t\t\t\t\t\t\t\t\tconna\u00eetre les besoins du client et les domaines d'application\t\t\t\t\t\t\t\t\t<\/span>\n\t\t\t\t\t\t\t\t<\/p>\n\t\t\t\t\t\t\t\t\t\t\t\t\t\t\t\t\t\t\t\t\t\t\t\t<h2 class=\"p-num\">\n\t\t\t\t\t\t\t\t\t<span >\n\t\t\t\t\t\t\t\t\t\t01.\t\t\t\t\t\t\t\t\t<\/span>\n\t\t\t\t\t\t\t\t<\/h2>\n\t\t\t\t\t\t\t\t\t\t\t\t\t\t\t<\/div><!--proz-minterio end-->\n\t\t\t\t\t\t<\/li>\n\t\t\t\t\t\t\t\t\t\t\t\t<li>\n\t\t\t\t\t\t\t<div class=\"proz-minterio\">\n\t\t\t\t\t\t\t\t\t\t\t\t\t\t\t\t<h3>\n\t\t\t\t\t\t\t\t\t<span >\n\t\t\t\t\t\t\t\t\t\tLe d\u00e9veloppement de projets\t\t\t\t\t\t\t\t\t<\/span>\n\t\t\t\t\t\t\t\t<\/h3>\n\t\t\t\t\t\t\t\t\t\t\t\t\t\t\t\t\t\t\t\t\t\t\t\t<p>\n\t\t\t\t\t\t\t\t\t<span >\n\t\t\t\t\t\t\t\t\t\tpour l\u2019\u00e9valuation des solutions applicables\n<br><\/br>\t\t\t\t\t\t\t\t\t<\/span>\n\t\t\t\t\t\t\t\t<\/p>\n\t\t\t\t\t\t\t\t\t\t\t\t\t\t\t\t\t\t\t\t\t\t\t\t<h2 class=\"p-num\">\n\t\t\t\t\t\t\t\t\t<span >\n\t\t\t\t\t\t\t\t\t\t02.\t\t\t\t\t\t\t\t\t<\/span>\n\t\t\t\t\t\t\t\t<\/h2>\n\t\t\t\t\t\t\t\t\t\t\t\t\t\t\t<\/div><!--proz-minterio end-->\n\t\t\t\t\t\t<\/li>\n\t\t\t\t\t\t\t\t\t\t\t\t<li>\n\t\t\t\t\t\t\t<div class=\"proz-minterio\">\n\t\t\t\t\t\t\t\t\t\t\t\t\t\t\t\t<h3>\n\t\t\t\t\t\t\t\t\t<span >\n\t\t\t\t\t\t\t\t\t\tR\u00e9alisation de l'id\u00e9e\t\t\t\t\t\t\t\t\t<\/span>\n\t\t\t\t\t\t\t\t<\/h3>\n\t\t\t\t\t\t\t\t\t\t\t\t\t\t\t\t\t\t\t\t\t\t\t\t<p>\n\t\t\t\t\t\t\t\t\t<span >\n\t\t\t\t\t\t\t\t\t\tle projet se d\u00e9veloppe et prend vie <br><\/br>\t\t\t\t\t\t\t\t\t<\/span>\n\t\t\t\t\t\t\t\t<\/p>\n\t\t\t\t\t\t\t\t\t\t\t\t\t\t\t\t\t\t\t\t\t\t\t\t<h2 class=\"p-num\">\n\t\t\t\t\t\t\t\t\t<span >\n\t\t\t\t\t\t\t\t\t\t03.\t\t\t\t\t\t\t\t\t<\/span>\n\t\t\t\t\t\t\t\t<\/h2>\n\t\t\t\t\t\t\t\t\t\t\t\t\t\t\t<\/div><!--proz-minterio end-->\n\t\t\t\t\t\t<\/li>\n\t\t\t\t\t\t\t\t\t\t\t\t<li>\n\t\t\t\t\t\t\t<div class=\"proz-minterio\">\n\t\t\t\t\t\t\t\t\t\t\t\t\t\t\t\t<h3>\n\t\t\t\t\t\t\t\t\t<span >\n\t\t\t\t\t\t\t\t\t\tLivraison des travaux\t\t\t\t\t\t\t\t\t<\/span>\n\t\t\t\t\t\t\t\t<\/h3>\n\t\t\t\t\t\t\t\t\t\t\t\t\t\t\t\t\t\t\t\t\t\t\t\t<p>\n\t\t\t\t\t\t\t\t\t<span >\n\t\t\t\t\t\t\t\t\t\tUne fois la conformit\u00e9 et la fonctionnalit\u00e9 v\u00e9rifi\u00e9es, le client re\u00e7oit ce qui a \u00e9t\u00e9 convenu\t\t\t\t\t\t\t\t\t<\/span>\n\t\t\t\t\t\t\t\t<\/p>\n\t\t\t\t\t\t\t\t\t\t\t\t\t\t\t\t\t\t\t\t\t\t\t\t<h2 class=\"p-num\">\n\t\t\t\t\t\t\t\t\t<span >\n\t\t\t\t\t\t\t\t\t\t04.\t\t\t\t\t\t\t\t\t<\/span>\n\t\t\t\t\t\t\t\t<\/h2>\n\t\t\t\t\t\t\t\t\t\t\t\t\t\t\t<\/div><!--proz-minterio end-->\n\t\t\t\t\t\t<\/li>\n\t\t\t\t\t\t\t\t\t\t\t\t<li>\n\t\t\t\t\t\t\t<div class=\"proz-minterio\">\n\t\t\t\t\t\t\t\t\t\t\t\t\t\t\t\t<h3>\n\t\t\t\t\t\t\t\t\t<span >\n\t\t\t\t\t\t\t\t\t\tMaintenance ponctuelle et\/ou contractuelle\t\t\t\t\t\t\t\t\t<\/span>\n\t\t\t\t\t\t\t\t<\/h3>\n\t\t\t\t\t\t\t\t\t\t\t\t\t\t\t\t\t\t\t\t\t\t\t\t<p>\n\t\t\t\t\t\t\t\t\t<span >\n\t\t\t\t\t\t\t\t\t\tafin de pr\u00e9server la fonctionnalit\u00e9\t\t\t\t\t\t\t\t\t<\/span>\n\t\t\t\t\t\t\t\t<\/p>\n\t\t\t\t\t\t\t\t\t\t\t\t\t\t\t\t\t\t\t\t\t\t\t\t<h2 class=\"p-num\">\n\t\t\t\t\t\t\t\t\t<span >\n\t\t\t\t\t\t\t\t\t\t05.\t\t\t\t\t\t\t\t\t<\/span>\n\t\t\t\t\t\t\t\t<\/h2>\n\t\t\t\t\t\t\t\t\t\t\t\t\t\t\t<\/div><!--proz-minterio end-->\n\t\t\t\t\t\t<\/li>\n\t\t\t\t\t\t\t\t\t\t\t<\/ul>\n\t\t\t\t\t\t\t\t\t\t<div class=\"clearfix\"><\/div>\n\t\t\t\t<\/div><!--process-section end-->\n\t\t\t<\/div>\n\t\t<\/section>\n\n\t\t\t\t\t\t<\/div>\n\t\t\t\t<\/div>\n\t\t\t\t\t<\/div>\n\t\t<\/div>\n\t\t\t\t\t<\/div>\n\t\t<\/section>\n\t\t\t\t<\/div>\n\t\t","protected":false},"excerpt":{"rendered":"<p>Innover dans le confort de vie, pour un avenir toujours plus durable L\u2019ameublement est l\u2019art&#8230; <\/p>\n<div class=\"readmore\"><a href=\"https:\/\/www.reguzziclaudiosa.ch\/fr\/\" class=\"lnk-default2\">View more<i class=\"la la-arrow-right\"><\/i><\/a><\/div>\n","protected":false},"author":1,"featured_media":0,"parent":0,"menu_order":0,"comment_status":"closed","ping_status":"closed","template":"template-layout-builder.php","meta":{"_acf_changed":false,"footnotes":""},"class_list":["post-2013","page","type-page","status-publish","hentry"],"acf":[],"_links":{"self":[{"href":"https:\/\/www.reguzziclaudiosa.ch\/fr\/wp-json\/wp\/v2\/pages\/2013","targetHints":{"allow":["GET"]}}],"collection":[{"href":"https:\/\/www.reguzziclaudiosa.ch\/fr\/wp-json\/wp\/v2\/pages"}],"about":[{"href":"https:\/\/www.reguzziclaudiosa.ch\/fr\/wp-json\/wp\/v2\/types\/page"}],"author":[{"embeddable":true,"href":"https:\/\/www.reguzziclaudiosa.ch\/fr\/wp-json\/wp\/v2\/users\/1"}],"replies":[{"embeddable":true,"href":"https:\/\/www.reguzziclaudiosa.ch\/fr\/wp-json\/wp\/v2\/comments?post=2013"}],"version-history":[{"count":22,"href":"https:\/\/www.reguzziclaudiosa.ch\/fr\/wp-json\/wp\/v2\/pages\/2013\/revisions"}],"predecessor-version":[{"id":2489,"href":"https:\/\/www.reguzziclaudiosa.ch\/fr\/wp-json\/wp\/v2\/pages\/2013\/revisions\/2489"}],"wp:attachment":[{"href":"https:\/\/www.reguzziclaudiosa.ch\/fr\/wp-json\/wp\/v2\/media?parent=2013"}],"curies":[{"name":"wp","href":"https:\/\/api.w.org\/{rel}","templated":true}]}}