{"id":2009,"date":"2021-06-22T11:51:12","date_gmt":"2021-06-22T11:51:12","guid":{"rendered":"https:\/\/www.reguzziclaudiosa.ch\/startseite\/"},"modified":"2024-05-15T06:55:34","modified_gmt":"2024-05-15T06:55:34","slug":"startseite","status":"publish","type":"page","link":"https:\/\/www.reguzziclaudiosa.ch\/de\/","title":{"rendered":"Startseite"},"content":{"rendered":"\t\t<div data-elementor-type=\"wp-page\" data-elementor-id=\"2009\" class=\"elementor elementor-2009 elementor-1098\" data-elementor-post-type=\"page\">\n\t\t\t\t\t\t<section class=\"elementor-section elementor-top-section elementor-element elementor-element-eaa4683 elementor-section-full_width elementor-section-height-default elementor-section-height-default\" data-id=\"eaa4683\" data-element_type=\"section\" data-e-type=\"section\">\n\t\t\t\t\t\t<div class=\"elementor-container elementor-column-gap-no\">\n\t\t\t\t\t<div class=\"elementor-column elementor-col-100 elementor-top-column elementor-element elementor-element-7772cfa\" data-id=\"7772cfa\" data-element_type=\"column\" data-e-type=\"column\">\n\t\t\t<div class=\"elementor-widget-wrap elementor-element-populated\">\n\t\t\t\t\t\t<div class=\"elementor-element elementor-element-fe60900 elementor-widget elementor-widget-minterio-main-section\" data-id=\"fe60900\" data-element_type=\"widget\" data-e-type=\"widget\" data-widget_type=\"minterio-main-section.default\">\n\t\t\t\t<div class=\"elementor-widget-container\">\n\t\t\t\t\t\n\t\t<section class=\"main-banner\" style=\"background-image: url(https:\/\/www.reguzziclaudiosa.ch\/wp-content\/uploads\/2023\/07\/white-background-scaled.jpg);\">\n\t\t\t<div class=\"container\">\n\t\t\t\t<div class=\"row align-items-center\">\n\t\t\t\t\t<div class=\"col-lg-6\">\n\t\t\t\t\t\t<div class=\"banner-content\">\n\t\t\t\t\t\t\t\t\t\t\t\t\t\t<h2 class=\"wow fadeInUp\" data-wow-duration=\"1000ms\">\n\t\t\t\t\t\t\t\t<span >\n\t\t\t\t\t\t\t\t\tInnovation im Wohnkomfort f\u00fcr eine immer nachhaltigere Zukunft\t\t\t\t\t\t\t\t<\/span>\n\t\t\t\t\t\t\t<\/h2>\n\t\t\t\t\t\t\t\t\t\t\t\t\t\t\t\t\t\t\t\t\t<p class=\"wow fadeInUp\" data-wow-duration=\"1000ms\" data-wow-delay=\"300ms\">\n\t\t\t\t\t\t\t\t<span >\n\t\t\t\t\t\t\t\t\tEinrichten ist die Kunst, sch\u00f6ne Dinge komfortabel zu arrangieren.\t\t\t\t\t\t\t\t<\/span>\n\t\t\t\t\t\t\t<\/p>\n\t\t\t\t\t\t\t\t\t\t\t\t\t\t\t\t\t\t\t\t\t<a href=\"http:\/\/de\/kontakt\/\" class=\"lnk-default wow fadeInUp\" data-wow-duration=\"1000ms\" data-wow-delay=\"500ms\">\n\t\t\t\t\t\t\t\t<span >\n\t\t\t\t\t\t\t\t\tkontaktiere uns\t\t\t\t\t\t\t\t<\/span>\n\t\t\t\t\t\t\t\t<i class=\"la la-arrow-right\"><\/i>\n\t\t\t\t\t\t\t\t<span class=\"hover\"><\/span>\n\t\t\t\t\t\t\t<\/a>\n\t\t\t\t\t\t\t\t\t\t\t\t\t\t\n\t\t\t\t\t\t\t<div class=\"clearfix\"><\/div>\n\t\t\t\t\t\t<\/div><!--banner-content end-->\n\t\t\t\t\t<\/div>\n\t\t\t\t\t<div class=\"col-lg-6\">\n\t\t\t\t\t\t\t\t\t\t\t\t<div class=\"banner-slider\">\n\t\t\t\t\t\t\t\t\t\t\t\t\t\t<div class=\"banner-slide\">\n\t\t\t\t\t\t\t\t\t\t\t\t\t\t\t\t<img decoding=\"async\" src=\"https:\/\/www.reguzziclaudiosa.ch\/wp-content\/uploads\/2023\/07\/Reguzzi-Claudio-SA-slide-1-618x927.jpg\" alt=\"Image #1\" \/>\n\t\t\t\t\t\t\t\t\t\t\t\t\t\t\t<\/div><!--banner-slide end-->\n\t\t\t\t\t\t\t\t\t\t\t\t\t\t<div class=\"banner-slide\">\n\t\t\t\t\t\t\t\t\t\t\t\t\t\t\t\t<img decoding=\"async\" src=\"https:\/\/www.reguzziclaudiosa.ch\/wp-content\/uploads\/2023\/07\/Reguzzi-Claudio-SA-slide-2-618x927.jpg\" alt=\"Image #2\" \/>\n\t\t\t\t\t\t\t\t\t\t\t\t\t\t\t<\/div><!--banner-slide end-->\n\t\t\t\t\t\t\t\t\t\t\t\t\t\t<div class=\"banner-slide\">\n\t\t\t\t\t\t\t\t\t\t\t\t\t\t\t\t<img decoding=\"async\" src=\"https:\/\/www.reguzziclaudiosa.ch\/wp-content\/uploads\/2023\/07\/Reguzzi-Claudio-SA-slide-3-618x927.jpg\" alt=\"Image #3\" \/>\n\t\t\t\t\t\t\t\t\t\t\t\t\t\t\t<\/div><!--banner-slide end-->\n\t\t\t\t\t\t\t\t\t\t\t\t\t<\/div><!--banner-slider end-->\n\t\t\t\t\t\t\t\t\t\t\t<\/div>\n\t\t\t\t<\/div>\n\t\t\t<\/div>\n\t\t<\/section><!--main-banner end-->\n\n\t\t\t\t\t\t<\/div>\n\t\t\t\t<\/div>\n\t\t\t\t\t<\/div>\n\t\t<\/div>\n\t\t\t\t\t<\/div>\n\t\t<\/section>\n\t\t\t\t<section class=\"elementor-section elementor-top-section elementor-element elementor-element-4c7fad8 elementor-section-full_width elementor-section-height-default elementor-section-height-default\" data-id=\"4c7fad8\" data-element_type=\"section\" data-e-type=\"section\">\n\t\t\t\t\t\t<div class=\"elementor-container elementor-column-gap-no\">\n\t\t\t\t\t<div class=\"elementor-column elementor-col-100 elementor-top-column elementor-element elementor-element-c2d95ec\" data-id=\"c2d95ec\" data-element_type=\"column\" data-e-type=\"column\">\n\t\t\t<div class=\"elementor-widget-wrap elementor-element-populated\">\n\t\t\t\t\t\t<div class=\"elementor-element elementor-element-a1b7ea5 elementor-widget elementor-widget-minterio-about-us\" data-id=\"a1b7ea5\" data-element_type=\"widget\" data-e-type=\"widget\" data-widget_type=\"minterio-about-us.default\">\n\t\t\t\t<div class=\"elementor-widget-container\">\n\t\t\t\t\t\n\t\t<section class=\"block pb-0\">\n\t\t\t<div class=\"container\">\n\t\t\t\t<div class=\"about-us-section\">\n\t\t\t\t\t<div class=\"row align-items-center\">\n\t\t\t\t\t\t<div class=\"col-lg-6\">\n\t\t\t\t\t\t\t<div class=\"abt-imgz\">\n\t\t\t\t\t\t\t\t\t\t\t\t\t\t\t\t<img decoding=\"async\" class=\"wow fadeInUp\" data-wow-duration=\"1000ms\" src=\"https:\/\/www.reguzziclaudiosa.ch\/wp-content\/uploads\/2023\/07\/Claudio-Reguzzi-azienda-1-900x600.jpg\" alt=\"\" \/>\n\t\t\t\t\t\t\t\t\t\t\t\t\t\t\t\t\t\t\t\t\t\t\t\t<img decoding=\"async\" class=\"wow fadeInRight\" data-wow-duration=\"1000ms\" data-wow-delay=\"400ms\" src=\"https:\/\/www.reguzziclaudiosa.ch\/wp-content\/uploads\/2023\/07\/Claudio-Reguzzi-azienda-2-900x600.jpg\" alt=\"\" \/>\n\t\t\t\t\t\t\t\t\t\t\t\t\t\t\t<\/div><!--abt-imgz end-->\n\t\t\t\t\t\t\t\t\t\t\t\t\t<\/div>\n\t\t\t\t\t\t<div class=\"col-lg-6\">\n\t\t\t\t\t\t\t<div class=\"about-text\">\n\t\t\t\t\t\t\t\t\t\t\t\t\t\t\t\t<h2 class=\"sub-title\">\n\t\t\t\t\t\t\t\t\t<span >\n\t\t\t\t\t\t\t\t\t\tDas Unternehmen\t\t\t\t\t\t\t\t\t<\/span>\n\t\t\t\t\t\t\t\t<\/h2>\n\t\t\t\t\t\t\t\t\t\t\t\t\t\t\t\t\t\t\t\t\t\t\t\t<div class=\"description\">\n\t\t\t\t\t\t\t\t\t<div >\n\t\t\t\t\t\t\t\t\t\t<p>Reguzzi Claudio SA verf\u00fcgt heute \u00fcber mehr als 40 in der Branche ausgebildete Mitarbeiter und legt besonderen Wert auf die Berufsausbildung, zu der sie durch die Einstellung von Lehrlingen in der Sanit\u00e4rinstallationsbranche und solchen, die sich f\u00fcr eine Weiterbildung zum Installateur von Heizungsanlagen engagieren, beitr\u00e4gt.<\/p>\t\t\t\t\t\t\t\t\t<\/div>\n\t\t\t\t\t\t\t\t<\/div>\n\t\t\t\t\t\t\t\t\t\t\t\t\t\t\t\t\t\t\t\t\t\t\t\t<a href=\"\/su-di-noi\/\" class=\"lnk-default2\">\n\t\t\t\t\t\t\t\t\t<span >\n\t\t\t\t\t\t\t\t\t\tFinde mehr heraus\t\t\t\t\t\t\t\t\t<\/span>\n\t\t\t\t\t\t\t\t\t<i class=\"la la-arrow-right\"><\/i>\n\t\t\t\t\t\t\t\t<\/a>\n\t\t\t\t\t\t\t\t\t\t\t\t\t\t\t<\/div><!--about-text end-->\n\t\t\t\t\t\t<\/div>\n\t\t\t\t\t<\/div>\n\t\t\t\t<\/div><!--about-us-section end-->\n\t\t\t<\/div>\n\t\t<\/section>\n\n\t\t\t\t\t\t<\/div>\n\t\t\t\t<\/div>\n\t\t\t\t\t<\/div>\n\t\t<\/div>\n\t\t\t\t\t<\/div>\n\t\t<\/section>\n\t\t\t\t<section class=\"elementor-section elementor-top-section elementor-element elementor-element-60691a4 elementor-section-full_width elementor-section-height-default elementor-section-height-default\" data-id=\"60691a4\" data-element_type=\"section\" data-e-type=\"section\">\n\t\t\t\t\t\t<div class=\"elementor-container elementor-column-gap-no\">\n\t\t\t\t\t<div class=\"elementor-column elementor-col-100 elementor-top-column elementor-element elementor-element-a2ed2b9\" data-id=\"a2ed2b9\" data-element_type=\"column\" data-e-type=\"column\">\n\t\t\t<div class=\"elementor-widget-wrap elementor-element-populated\">\n\t\t\t\t\t\t<div class=\"elementor-element elementor-element-d7e4454 elementor-widget elementor-widget-minterio-process\" data-id=\"d7e4454\" data-element_type=\"widget\" data-e-type=\"widget\" data-widget_type=\"minterio-process.default\">\n\t\t\t\t<div class=\"elementor-widget-container\">\n\t\t\t\t\t\n\t\t<section class=\"block\">\n\t\t\t<div class=\"container\">\n\t\t\t\t\t\t\t\t<div class=\"section-title align-items-center\">\n\t\t\t\t\t\t\t\t\t\t<h3 class=\"sub-title\">\n\t\t\t\t\t\t<span >\n\t\t\t\t\t\t\tWir begleiten Sie in allen Phasen des Prozesses\t\t\t\t\t\t<\/span>\n\t\t\t\t\t<\/h3>\n\t\t\t\t\t\t\t\t\t\t\t\t\t\t\t<a href=\"http:\/\/de\/unsere-dienstleistungen\/\" class=\"lnk-default2\">\n\t\t\t\t\t\t<span >\n\t\t\t\t\t\t\tFinde mehr heraus\t\t\t\t\t\t<\/span>\n\t\t\t\t\t\t<i class=\"la la-arrow-right\"><\/i>\n\t\t\t\t\t<\/a>\n\t\t\t\t\t\t\t\t\t<\/div><!--section-title end-->\n\t\t\t\t\n\t\t\t\t<div class=\"process-section\">\n\t\t\t\t\t\t\t\t\t\t<ul>\n\t\t\t\t\t\t\t\t\t\t\t\t<li>\n\t\t\t\t\t\t\t<div class=\"proz-minterio\">\n\t\t\t\t\t\t\t\t\t\t\t\t\t\t\t\t<h3>\n\t\t\t\t\t\t\t\t\t<span >\n\t\t\t\t\t\t\t\t\t\tInspektion vor Ort\t\t\t\t\t\t\t\t\t<\/span>\n\t\t\t\t\t\t\t\t<\/h3>\n\t\t\t\t\t\t\t\t\t\t\t\t\t\t\t\t\t\t\t\t\t\t\t\t<p>\n\t\t\t\t\t\t\t\t\t<span >\n\t\t\t\t\t\t\t\t\t\tdie Bed\u00fcrfnisse und Einsatzgebiete des Kunden zu kennen\t\t\t\t\t\t\t\t\t<\/span>\n\t\t\t\t\t\t\t\t<\/p>\n\t\t\t\t\t\t\t\t\t\t\t\t\t\t\t\t\t\t\t\t\t\t\t\t<h2 class=\"p-num\">\n\t\t\t\t\t\t\t\t\t<span >\n\t\t\t\t\t\t\t\t\t\t01.\t\t\t\t\t\t\t\t\t<\/span>\n\t\t\t\t\t\t\t\t<\/h2>\n\t\t\t\t\t\t\t\t\t\t\t\t\t\t\t<\/div><!--proz-minterio end-->\n\t\t\t\t\t\t<\/li>\n\t\t\t\t\t\t\t\t\t\t\t\t<li>\n\t\t\t\t\t\t\t<div class=\"proz-minterio\">\n\t\t\t\t\t\t\t\t\t\t\t\t\t\t\t\t<h3>\n\t\t\t\t\t\t\t\t\t<span >\n\t\t\t\t\t\t\t\t\t\tProjektentwicklung\t\t\t\t\t\t\t\t\t<\/span>\n\t\t\t\t\t\t\t\t<\/h3>\n\t\t\t\t\t\t\t\t\t\t\t\t\t\t\t\t\t\t\t\t\t\t\t\t<p>\n\t\t\t\t\t\t\t\t\t<span >\n\t\t\t\t\t\t\t\t\t\tzur Bewertung anwendbarer L\u00f6sungen\n<br><\/br>\t\t\t\t\t\t\t\t\t<\/span>\n\t\t\t\t\t\t\t\t<\/p>\n\t\t\t\t\t\t\t\t\t\t\t\t\t\t\t\t\t\t\t\t\t\t\t\t<h2 class=\"p-num\">\n\t\t\t\t\t\t\t\t\t<span >\n\t\t\t\t\t\t\t\t\t\t02.\t\t\t\t\t\t\t\t\t<\/span>\n\t\t\t\t\t\t\t\t<\/h2>\n\t\t\t\t\t\t\t\t\t\t\t\t\t\t\t<\/div><!--proz-minterio end-->\n\t\t\t\t\t\t<\/li>\n\t\t\t\t\t\t\t\t\t\t\t\t<li>\n\t\t\t\t\t\t\t<div class=\"proz-minterio\">\n\t\t\t\t\t\t\t\t\t\t\t\t\t\t\t\t<h3>\n\t\t\t\t\t\t\t\t\t<span >\n\t\t\t\t\t\t\t\t\t\tUmsetzung der Idee\t\t\t\t\t\t\t\t\t<\/span>\n\t\t\t\t\t\t\t\t<\/h3>\n\t\t\t\t\t\t\t\t\t\t\t\t\t\t\t\t\t\t\t\t\t\t\t\t<p>\n\t\t\t\t\t\t\t\t\t<span >\n\t\t\t\t\t\t\t\t\t\tdas Projekt entwickelt sich und wird zum Leben <br><\/br>\t\t\t\t\t\t\t\t\t<\/span>\n\t\t\t\t\t\t\t\t<\/p>\n\t\t\t\t\t\t\t\t\t\t\t\t\t\t\t\t\t\t\t\t\t\t\t\t<h2 class=\"p-num\">\n\t\t\t\t\t\t\t\t\t<span >\n\t\t\t\t\t\t\t\t\t\t03.\t\t\t\t\t\t\t\t\t<\/span>\n\t\t\t\t\t\t\t\t<\/h2>\n\t\t\t\t\t\t\t\t\t\t\t\t\t\t\t<\/div><!--proz-minterio end-->\n\t\t\t\t\t\t<\/li>\n\t\t\t\t\t\t\t\t\t\t\t\t<li>\n\t\t\t\t\t\t\t<div class=\"proz-minterio\">\n\t\t\t\t\t\t\t\t\t\t\t\t\t\t\t\t<h3>\n\t\t\t\t\t\t\t\t\t<span >\n\t\t\t\t\t\t\t\t\t\tLieferung der Arbeit\t\t\t\t\t\t\t\t\t<\/span>\n\t\t\t\t\t\t\t\t<\/h3>\n\t\t\t\t\t\t\t\t\t\t\t\t\t\t\t\t\t\t\t\t\t\t\t\t<p>\n\t\t\t\t\t\t\t\t\t<span >\n\t\t\t\t\t\t\t\t\t\tNach Pr\u00fcfung der Konformit\u00e4t und Funktionalit\u00e4t erh\u00e4lt der Kunde, was vereinbart wurde\t\t\t\t\t\t\t\t\t<\/span>\n\t\t\t\t\t\t\t\t<\/p>\n\t\t\t\t\t\t\t\t\t\t\t\t\t\t\t\t\t\t\t\t\t\t\t\t<h2 class=\"p-num\">\n\t\t\t\t\t\t\t\t\t<span >\n\t\t\t\t\t\t\t\t\t\t04.\t\t\t\t\t\t\t\t\t<\/span>\n\t\t\t\t\t\t\t\t<\/h2>\n\t\t\t\t\t\t\t\t\t\t\t\t\t\t\t<\/div><!--proz-minterio end-->\n\t\t\t\t\t\t<\/li>\n\t\t\t\t\t\t\t\t\t\t\t\t<li>\n\t\t\t\t\t\t\t<div class=\"proz-minterio\">\n\t\t\t\t\t\t\t\t\t\t\t\t\t\t\t\t<h3>\n\t\t\t\t\t\t\t\t\t<span >\n\t\t\t\t\t\t\t\t\t\tP\u00fcnktliche und\/oder vertragliche Wartung\t\t\t\t\t\t\t\t\t<\/span>\n\t\t\t\t\t\t\t\t<\/h3>\n\t\t\t\t\t\t\t\t\t\t\t\t\t\t\t\t\t\t\t\t\t\t\t\t<p>\n\t\t\t\t\t\t\t\t\t<span >\n\t\t\t\t\t\t\t\t\t\tum die Funktionalit\u00e4t zu erhalten\t\t\t\t\t\t\t\t\t<\/span>\n\t\t\t\t\t\t\t\t<\/p>\n\t\t\t\t\t\t\t\t\t\t\t\t\t\t\t\t\t\t\t\t\t\t\t\t<h2 class=\"p-num\">\n\t\t\t\t\t\t\t\t\t<span >\n\t\t\t\t\t\t\t\t\t\t05.\t\t\t\t\t\t\t\t\t<\/span>\n\t\t\t\t\t\t\t\t<\/h2>\n\t\t\t\t\t\t\t\t\t\t\t\t\t\t\t<\/div><!--proz-minterio end-->\n\t\t\t\t\t\t<\/li>\n\t\t\t\t\t\t\t\t\t\t\t<\/ul>\n\t\t\t\t\t\t\t\t\t\t<div class=\"clearfix\"><\/div>\n\t\t\t\t<\/div><!--process-section end-->\n\t\t\t<\/div>\n\t\t<\/section>\n\n\t\t\t\t\t\t<\/div>\n\t\t\t\t<\/div>\n\t\t\t\t\t<\/div>\n\t\t<\/div>\n\t\t\t\t\t<\/div>\n\t\t<\/section>\n\t\t\t\t<\/div>\n\t\t","protected":false},"excerpt":{"rendered":"<p>Innovation im Wohnkomfort f\u00fcr eine immer nachhaltigere Zukunft Einrichten ist die Kunst, sch\u00f6ne Dinge komfortabel&#8230; <\/p>\n<div class=\"readmore\"><a href=\"https:\/\/www.reguzziclaudiosa.ch\/de\/\" class=\"lnk-default2\">View more<i class=\"la la-arrow-right\"><\/i><\/a><\/div>\n","protected":false},"author":1,"featured_media":0,"parent":0,"menu_order":0,"comment_status":"closed","ping_status":"closed","template":"template-layout-builder.php","meta":{"_acf_changed":false,"footnotes":""},"class_list":["post-2009","page","type-page","status-publish","hentry"],"acf":[],"_links":{"self":[{"href":"https:\/\/www.reguzziclaudiosa.ch\/de\/wp-json\/wp\/v2\/pages\/2009","targetHints":{"allow":["GET"]}}],"collection":[{"href":"https:\/\/www.reguzziclaudiosa.ch\/de\/wp-json\/wp\/v2\/pages"}],"about":[{"href":"https:\/\/www.reguzziclaudiosa.ch\/de\/wp-json\/wp\/v2\/types\/page"}],"author":[{"embeddable":true,"href":"https:\/\/www.reguzziclaudiosa.ch\/de\/wp-json\/wp\/v2\/users\/1"}],"replies":[{"embeddable":true,"href":"https:\/\/www.reguzziclaudiosa.ch\/de\/wp-json\/wp\/v2\/comments?post=2009"}],"version-history":[{"count":19,"href":"https:\/\/www.reguzziclaudiosa.ch\/de\/wp-json\/wp\/v2\/pages\/2009\/revisions"}],"predecessor-version":[{"id":2492,"href":"https:\/\/www.reguzziclaudiosa.ch\/de\/wp-json\/wp\/v2\/pages\/2009\/revisions\/2492"}],"wp:attachment":[{"href":"https:\/\/www.reguzziclaudiosa.ch\/de\/wp-json\/wp\/v2\/media?parent=2009"}],"curies":[{"name":"wp","href":"https:\/\/api.w.org\/{rel}","templated":true}]}}