{"id":2008,"date":"2021-07-10T22:14:36","date_gmt":"2021-07-10T22:14:36","guid":{"rendered":"https:\/\/www.reguzziclaudiosa.ch\/ueber-uns\/"},"modified":"2024-05-15T08:04:22","modified_gmt":"2024-05-15T08:04:22","slug":"ueber-uns","status":"publish","type":"page","link":"https:\/\/www.reguzziclaudiosa.ch\/de\/ueber-uns\/","title":{"rendered":"\u00dcber uns"},"content":{"rendered":"\t\t<div data-elementor-type=\"wp-page\" data-elementor-id=\"2008\" class=\"elementor elementor-2008 elementor-209\" data-elementor-post-type=\"page\">\n\t\t\t\t\t\t<section class=\"elementor-section elementor-top-section elementor-element elementor-element-fcdacc7 elementor-section-full_width elementor-section-height-default elementor-section-height-default\" data-id=\"fcdacc7\" data-element_type=\"section\" data-e-type=\"section\">\n\t\t\t\t\t\t<div class=\"elementor-container elementor-column-gap-no\">\n\t\t\t\t\t<div class=\"elementor-column elementor-col-100 elementor-top-column elementor-element elementor-element-89427ee\" data-id=\"89427ee\" data-element_type=\"column\" data-e-type=\"column\">\n\t\t\t<div class=\"elementor-widget-wrap elementor-element-populated\">\n\t\t\t\t\t\t<div class=\"elementor-element elementor-element-5bde1f2 elementor-widget elementor-widget-minterio-started\" data-id=\"5bde1f2\" data-element_type=\"widget\" data-e-type=\"widget\" data-widget_type=\"minterio-started.default\">\n\t\t\t\t<div class=\"elementor-widget-container\">\n\t\t\t\t\t\n\t\t<section class=\"pager-section\" style=\"background-image: url(https:\/\/www.reguzziclaudiosa.ch\/wp-content\/uploads\/2023\/07\/white-background-scaled.jpg);\">\n\t\t\t<div class=\"container\">\n\t\t\t\t<div class=\"pager-info\">\n\t\t\t\t\t<ul class=\"breadcrumb\"><li><a href=\"https:\/\/www.reguzziclaudiosa.ch\/de\/\" title=\"Reguzzi Claudio SA\">Home<\/a><\/li><li><span><\/span><\/li><\/ul>\t\t\t\t\t\t\t\t\t\t<h2>\n\t\t\t\t\t\t<span >\n\t\t\t\t\t\t\t\u00dcber uns\t\t\t\t\t\t<\/span>\n\t\t\t\t\t<\/h2>\n\t\t\t\t\t\t\t\t\t\t\t\t\t\t\t<span>\n\t\t\t\t\t\t<span >\n\t\t\t\t\t\t\tReguzzi Claudio SA verf\u00fcgt heute \u00fcber mehr als 40 in der Branche ausgebildete Mitarbeiter und legt besonderen Wert auf die Berufsausbildung, zu der sie durch die Einstellung von Lehrlingen in der Sanit\u00e4rinstallationsbranche und solchen, die sich f\u00fcr eine Weiterbildung zum Installateur von Heizungsanlagen engagieren, beitr\u00e4gt.\nDas Unternehmen ist haupts\u00e4chlich im Sopraceneri-Gebiet t\u00e4tig, hat aber auch im \u00fcbrigen Kanton bedeutende Eingriffe durchgef\u00fchrt.\nDer Streikpostendienst f\u00fcr dringende Eingriffe ist ebenfalls 24 Stunden am Tag aktiv, was den Kunden von Reguzzi Claudio SA Sicherheit garantiert, aber auch die Ernsthaftigkeit und Bedeutung eines g\u00fcltigen und effizienten Kundendienstes zeigt.\n<br><\/br>\t\t\t\t\t\t<\/span>\n\t\t\t\t\t<\/span>\n\t\t\t\t\t\t\t\t\t<\/div>\n\t\t\t\t<div class=\"pger-imgs\">\n\t\t\t\t\t<div class=\"abt-imgz\">\n\t\t\t\t\t\t\t\t\t\t\t\t<img decoding=\"async\" src=\"https:\/\/www.reguzziclaudiosa.ch\/wp-content\/uploads\/2023\/05\/25.jpg\" alt=\"\" \/>\n\t\t\t\t\t\t\t\t\t\t\t\t\t\t\t\t\t\t\t\t\t\t\t\t<img decoding=\"async\" src=\"https:\/\/www.reguzziclaudiosa.ch\/wp-content\/uploads\/2023\/07\/Claudio-Reguzzi-azienda-3-900x1350.jpg\" alt=\"\" class=\"sncd-img\" \/>\n\t\t\t\t\t\t\t\t\t\t\t\t\t\t\t\t\t\t\t\t\t\t\t<\/div>\n\t\t\t\t<\/div><!--pger-imgs end-->\n\t\t\t\t<div class=\"clearfix\"><\/div>\n\t\t\t<\/div>\n\t\t<\/section><!--pager-section end-->\n\n\t\t\t\t\t\t<\/div>\n\t\t\t\t<\/div>\n\t\t\t\t\t<\/div>\n\t\t<\/div>\n\t\t\t\t\t<\/div>\n\t\t<\/section>\n\t\t\t\t<section class=\"elementor-section elementor-top-section elementor-element elementor-element-5d38c5c elementor-section-full_width elementor-section-height-default elementor-section-height-default\" data-id=\"5d38c5c\" data-element_type=\"section\" data-e-type=\"section\">\n\t\t\t\t\t\t<div class=\"elementor-container elementor-column-gap-no\">\n\t\t\t\t\t<div class=\"elementor-column elementor-col-100 elementor-top-column elementor-element elementor-element-c647e20\" data-id=\"c647e20\" data-element_type=\"column\" data-e-type=\"column\">\n\t\t\t<div class=\"elementor-widget-wrap elementor-element-populated\">\n\t\t\t\t\t\t<div class=\"elementor-element elementor-element-512a2f9 elementor-widget__width-initial elementor-widget elementor-widget-minterio-about-description\" data-id=\"512a2f9\" data-element_type=\"widget\" data-e-type=\"widget\" data-widget_type=\"minterio-about-description.default\">\n\t\t\t\t<div class=\"elementor-widget-container\">\n\t\t\t\t\t\n\t\t<section class=\"block2\">\n\t\t\t<div class=\"container\">\n\t\t\t\t<div class=\"our-history\">\n\t\t\t\t\t\t\t\t\t\t<h3 class=\"sub-title\">\n\t\t\t\t\t\t<span >\n\t\t\t\t\t\t\tUnsere Geschichte\t\t\t\t\t\t<\/span>\n\t\t\t\t\t<\/h3>\n\t\t\t\t\t\t\t\t\t\t\t\t\t\t\t<div class=\"description\">\n\t\t\t\t\t\t<div >\n\t\t\t\t\t\t\t<p>Die Selbstst\u00e4ndigkeit von Claudio Reguzzi begann 1985 mit der Gr\u00fcndung eines Einzelunternehmens. Im Jahr 1991 erblickte das Unternehmen dann das Licht der Welt mit seinem heutigen Firmennamen: Reguzzi Claudio SA.<\/p><p>Ihre Wurzeln liegen jedoch im Flei\u00df und der jahrzehntelangen Berufserfahrung seines 2007 verstorbenen Vaters Ettore, der viele Jahre f\u00fcr ein wichtiges Unternehmen der Branche gearbeitet hatte. Ettore Reguzzi hat stets sein M\u00f6glichstes getan, um seinem Sohn Claudio die Liebe zu diesem Beruf, aber vor allem auch zur Arbeitskultur weiterzugeben, die es heute zu einem Unternehmen macht, das auf einem soliden Fundament von Kompetenz und Qualit\u00e4t aufbaut. Genau auf der Grundlage dieser Unterst\u00fctzung und der gesammelten Erfahrungen beschlie\u00dft Claudio, seine neue selbst\u00e4ndige T\u00e4tigkeit aufzunehmen.<\/p><p>Von Anfang an arbeitete auch seine Frau Cristina stets im Unternehmen mit und koordinierte die Buchhaltung und Rechnungsstellung, zun\u00e4chst vom B\u00fcro Muralto aus (damals befand sich das Lager in Losone) und dann vom heutigen Firmensitz in der Via San Gottardo 56 in Tenero aus.<\/p><p>Ausgehend vom ersten Gro\u00dfprojekt, das die komplette Renovierung der damaligen Banca Popolare Svizzera in Locarno darstellte, folgten wichtige Arbeiten sowohl im \u00f6ffentlichen als auch im privaten Sektor, die es dem Unternehmen erm\u00f6glichten, unter den Unternehmen der Region eine beachtliche Position zu erreichen, u. a , einer Belegschaft von \u00fcber 30 Mitarbeitern in der Branche, w\u00e4hrend des Wirtschaftsbooms Mitte der neunziger Jahre.<\/p><p>Der Fortbestand des Unternehmens wird durch die Kinder Marco und Stefania gew\u00e4hrleistet.<\/p><p>Marco verf\u00fcgt \u00fcber eine umfassende Ausbildung zum Heizungsanlagenplaner und ist nach einigen Jahren Erfahrung in der Inlandschweiz 2015 als technischer Leiter zum Team gesto\u00dfen.<\/p><p>Stattdessen trat Stefania 2017 als Verwaltungsleiterin in das Unternehmen ein. Nach ihrem Abschluss als Bauplanerin und mehrj\u00e4hriger T\u00e4tigkeit in einem Architekturb\u00fcro in der Region spezialisierte sie sich auf die Ausbildung zur Buchhaltungsassistentin.<\/p><p>Beide verf\u00fcgen \u00fcber einen Geist der Initiative und eine st\u00e4ndige Neigung zur Aktualisierung im Bereich der RCVS-Systeme.<\/p>\t\t\t\t\t\t<\/div>\n\t\t\t\t\t<\/div>\n\t\t\t\t\t\t\t\t\t<\/div><!--our-history end-->\n\t\t\t<\/div>\n\t\t<\/section>\n\n\t\t\t\t\t\t<\/div>\n\t\t\t\t<\/div>\n\t\t\t\t\t<\/div>\n\t\t<\/div>\n\t\t\t\t\t<\/div>\n\t\t<\/section>\n\t\t\t\t<\/div>\n\t\t","protected":false},"excerpt":{"rendered":"<p>Home \u00dcber uns Reguzzi Claudio SA verf\u00fcgt heute \u00fcber mehr als 40 in der Branche&#8230; <\/p>\n<div class=\"readmore\"><a href=\"https:\/\/www.reguzziclaudiosa.ch\/de\/ueber-uns\/\" class=\"lnk-default2\">View more<i class=\"la la-arrow-right\"><\/i><\/a><\/div>\n","protected":false},"author":1,"featured_media":0,"parent":0,"menu_order":0,"comment_status":"closed","ping_status":"closed","template":"template-layout-builder.php","meta":{"_acf_changed":false,"footnotes":""},"class_list":["post-2008","page","type-page","status-publish","hentry"],"acf":[],"_links":{"self":[{"href":"https:\/\/www.reguzziclaudiosa.ch\/de\/wp-json\/wp\/v2\/pages\/2008","targetHints":{"allow":["GET"]}}],"collection":[{"href":"https:\/\/www.reguzziclaudiosa.ch\/de\/wp-json\/wp\/v2\/pages"}],"about":[{"href":"https:\/\/www.reguzziclaudiosa.ch\/de\/wp-json\/wp\/v2\/types\/page"}],"author":[{"embeddable":true,"href":"https:\/\/www.reguzziclaudiosa.ch\/de\/wp-json\/wp\/v2\/users\/1"}],"replies":[{"embeddable":true,"href":"https:\/\/www.reguzziclaudiosa.ch\/de\/wp-json\/wp\/v2\/comments?post=2008"}],"version-history":[{"count":13,"href":"https:\/\/www.reguzziclaudiosa.ch\/de\/wp-json\/wp\/v2\/pages\/2008\/revisions"}],"predecessor-version":[{"id":2501,"href":"https:\/\/www.reguzziclaudiosa.ch\/de\/wp-json\/wp\/v2\/pages\/2008\/revisions\/2501"}],"wp:attachment":[{"href":"https:\/\/www.reguzziclaudiosa.ch\/de\/wp-json\/wp\/v2\/media?parent=2008"}],"curies":[{"name":"wp","href":"https:\/\/api.w.org\/{rel}","templated":true}]}}